{"id":532,"date":"2020-08-06T11:24:44","date_gmt":"2020-08-06T09:24:44","guid":{"rendered":"https:\/\/dex.si\/datenschutz-bestimmungen\/"},"modified":"2020-08-06T11:25:13","modified_gmt":"2020-08-06T09:25:13","slug":"datenschutz-bestimmungen","status":"publish","type":"page","link":"https:\/\/dex.si\/de\/datenschutz-bestimmungen\/","title":{"rendered":"Datenschutz-Bestimmungen"},"content":{"rendered":"\t\t<div data-elementor-type=\"wp-page\" data-elementor-id=\"532\" class=\"elementor elementor-532 elementor-3\" data-elementor-post-type=\"page\">\n\t\t\t\t\t\t<section class=\"elementor-section elementor-top-section elementor-element elementor-element-498e3b95 elementor-section-boxed elementor-section-height-default elementor-section-height-default\" data-id=\"498e3b95\" data-element_type=\"section\">\n\t\t\t\t\t\t<div class=\"elementor-container elementor-column-gap-default\">\n\t\t\t\t\t<div class=\"elementor-column elementor-col-100 elementor-top-column elementor-element elementor-element-6a87c2fb\" data-id=\"6a87c2fb\" data-element_type=\"column\">\n\t\t\t<div class=\"elementor-widget-wrap elementor-element-populated\">\n\t\t\t\t\t\t<div class=\"elementor-element elementor-element-c7aef09 elementor-widget elementor-widget-text-editor\" data-id=\"c7aef09\" data-element_type=\"widget\" data-widget_type=\"text-editor.default\">\n\t\t\t\t<div class=\"elementor-widget-container\">\n\t\t\t\t\t\t\t\t\t<h3>Allgemeine Nutzungsbedingungen f\u00fcr den online Dienst Dokumentenaustausch \u2013DEx<\/h3>\n<p>Inovis Labs, Produktion, Dienstleistungen und Vertrieb d.o.o.<\/p>\n<p>G\u00fcltigkeit: 23.4.2019<\/p>\n<h3>1 Allgemeine Bestimmungen und Begriffsdefinition\u00b8<\/h3>\n<p>1.1 Allgemeine Nutzungsbedingungen des Onlinedienstes Dokumentenaustausch \u2013 Dex (im Folgenden ANB) von Inovis Labs, Produktion, Dienstleistungen und Vertrieb d.o.o. (im Folgenden Inovis Labs) regeln die Beziehung zwischen Inovis Labs und dem Benutzer des Onlinedienstes Document Exchange &#8211; DEx (im Folgenden: Benutzer).<\/p>\n<p>1.2 In den ANB wird die Nutzung des Onlinedienstes Document Exchange \u2013 Dex durch seine Benutzer unter Ber\u00fccksichtigung der von Inovis Labs bereitgestellten technischen Schutzmechanismen festgelegt.<\/p>\n<p>1.3 Die Bestimmungen der ANB gelten, wenn ihnen die Bestimmungen der Republik Slowenien, die Bestimmungen des Vertrages oder andere schriftliche Vereinbarungen zwischen Inovis Labs und dem Vertragspartner nicht widersprechen.<\/p>\n<p>1.4 Der Eigent\u00fcmer und Betreiber des Webportals BZW des Onlinedienstes Document Exchange &#8211; DEx ist Inovis Labs.<\/p>\n<p>1.5 Die ANB regeln die Informationsdienste, die Inovis Labs seinen Benutzern \u00fcber den Onlinedienst Document Exchange &#8211; DEx zur Verf\u00fcgung stellt.<\/p>\n<h3>2 Der Hauptzweck des Onlinedienstes Document Exchange &#8211; DEx<\/h3>\n<p>2.1 Der Hauptzweck des Onlinedienstes Document Exchange &#8211; DEx ist Benutzern den Zugriff auf Dokumente zu erm\u00f6glichen.<\/p>\n<p>2.2 Der Begriff &#8222;Benutzer&#8220; bezeichnet Personen, die einen Arbeitsvertrag mit dem Unternehmen haben; Personen, die als Sch\u00fcler oder Studenten f\u00fcr das Unternehmen arbeiten; Personen, die auf der Grundlage eines Vertrages zwischen dem Unternehmen und ihrem Arbeitgeber im Unternehmen arbeiten; und Personen, die im Rahmen zivilrechtlicher Vertr\u00e4ge f\u00fcr die Gesellschaft t\u00e4tig sind.<\/p>\n<p>2.3 Der Begriff &#8222;Dokumente&#8220; definiert die Datenbank, die Inovis Labs seinen Benutzern zur Verf\u00fcgung stellen muss, die im Rahmen eines miteinander abgeschlossenen Arbeitsvertrages oder jeglicher anderen Form der Besch\u00e4ftigung zusammen arbeiten. Diese Datenbank enth\u00e4lt: Gehaltsabrechnungen, Angaben zum Urlaubsstatus, Angaben zur Zahlung und H\u00f6he des Urlaubgeldes u.a.<br \/>\n2.4 Der Onlinedienst Dokument Exchange &#8211; DEx bietet den Nutzern virtuellen Zugriff auf die in Punkt 2.3 aufgef\u00fchrten Dokumente, die von Inovis Labs gem\u00e4\u00df diesen ANB in digitaler Form bereitgestellt werden.<\/p>\n<h3>3 Bedingungen und Zugangsart zu den Dokumenten<\/h3>\n<p>3.1 Zugriff zu den unter Nummer 2.3 genannten Daten habe nur Personen die unter Nummer 2.2 genannt sind. Das Recht dazu bekommen sie aufgrund eines rechtsg\u00fcltig abgeschlossenen Arbeitsvertrages oder einer anderen Form der Besch\u00e4ftigung bei Inovis Labs.<\/p>\n<p>3.2 Voraussetzung f\u00fcr die Bereitstellung und Gew\u00e4hrung des Zugangs des Benutzers zu den in Punkt 2.3 genannten digitalen Dokumenten, ist die vorherige Unterzeichnung der Einverst\u00e4ndniserkl\u00e4rung von elektronischen Einreichen der genannten Daten durch Inovis Labs.<\/p>\n<p>3.3 Gleichzeitig mit der Unterzeichnung der Erkl\u00e4rung zum elektronischen Einreichen von Dokumenten gem\u00e4\u00df dem Hauptzweck des Onlinedienstes Document Exchange \u2013 DEx, stimmt der Benutzer zu, dass Inovis Labs im Rahmen und zum Zweck der Anwendung des Onlinedienstes Document Exchange &#8211; DEx innerhalb des Processes der Bereitstellung von Dokumenten in digitaler Form, die folgenden Benutzerdaten verarbeitet und abruft: Vor- und Nachname, Steuernummer, E-Mail-Adresse.<\/p>\n<p>3.4 Inovis Labs erm\u00f6glicht den Benutzern die in Punkt 2.3 aufgef\u00fchrten Dokumente \u00fcber den Onlinedienst Document Exchange &#8211; DEx zu empfangen und uneingeschr\u00e4nkt auf sie zuzugreiffen solange sie im Arbeitsvertrag mit Inovis Labs stehen.<\/p>\n<h3>4 Schutz personenbezogener Daten und Inovis Labs als Datenverarbeiter<\/h3>\n<p>4.1 Inovis Labs speichert und verarbeitet die in Punkt 3.3 aufgef\u00fchrten Benutzerdaten gem\u00e4\u00df dem Gesetz zum Schutz personenbezogener Daten BZW den Rechtsvorschriften zum Schutz personenbezogener Daten in der Republik Slowenien durch die Verordnung (EU) 2016\/679 des Europ\u00e4ischen Parlaments und Rates vom 27. April 2016 \u00fcber den Schutz personenbezogener Daten bei der Verarbeitung personenbezogener Daten sowie \u00fcber den freien Datenverkehr und die Aufhebung der Richtlinie 95\/46 \/ ES (im Folgenden: Allgemeine Datenschutzverordnung), und dem Gesetz \u00fcber elektronische Kommunikation und unter Ber\u00fccksichtigung der Richtlinien guter Praxis zum Schutz personenbezogener Daten, die im Bereich des Schutzes personenbezogener Daten und des Cloud Computing gelten. Die in diesem Kapitel verwendeten Begriffe haben dieselbe Bedeutung wie in der Allgemeinen Datenschutzverordnung.<\/p>\n<p>4.2 Inovis Labs, als Betreiber und Eigent\u00fcmer des Onlinedienstes Document Exchange \u2013 Dex, nutzt die in Punkt 3.3 aufgef\u00fchrten Daten nur zum Zweck des Zugriffs auf die digitalen Daten seitens des Benutzers. Vorbehaltlich Punkt 6.1 verpflichtet sich Inovis Labs, die angegebenen Informationen nicht an Dritte weiterzuleiten oder f\u00fcr andere Zwecke, als in diesen Allgemeinen Nutzungsbedingungen angegebenen, zu verwenden.<\/p>\n<p>4.3 Nach Beendigung des Arbeitsverh\u00e4ltnisses und in \u00dcbereinstimmung mit der Entscheidung des Benutzers l\u00f6scht Inovis Labs alle seine pers\u00f6nlichen Daten oder gibt sie an den Benutzer zur\u00fcck und zerst\u00f6rt vorhandene Kopien, au\u00dfer Inovis Labs braucht sie, um rechtliche Anspr\u00fcche geltend machen, durchsetzen oder verteidigen zu k\u00f6nnen, oder wenn die Gesetzgebung der EU oder der Republik Slowenien die Speicherung dieser personenbezogenen Daten vorschreibt.<\/p>\n<p>4.4 Inovis Labs fungiert als Vermittler BZW Betreiber des Webdienstes Document Exchange \u2013 Dex und ist als solcher verantwortlich f\u00fcr den Umfang, den Inhalt, die Speicherung und die Erhebung personenbezogener Daten gem\u00e4\u00df Nummer 3.3 zum Zwecke der Verwendung des Webdienstes in seiner Datenbank.<\/p>\n<h3>5 Sicherheit der Software zur Verarbeitung personenbezogener Daten<\/h3>\n<p>5.1 Zugriff auf die Software bzw. den Webdienst Document Exchange \u2013 DEx, mit welchem BZW welchem Hilfe personenbezogenen Daten verarbeitet werden, ist streng gesichert. Zugriff haben nur vorher festgelegten Mitarbeiter bzw. Personen, die im Rahmen eines Vertrags Wartungs- oder Instandhaltungsarbeiten durchf\u00fchren. Dabei d\u00fcrfen diese Mitarbeiter keine Daten untereinander oder mit Dritten austauschen oder an die weitergeben (unabh\u00e4ngig von deren Sicherheitsgenehmigung-Ebene).<\/p>\n<p>5.2 Der Abteilungsleiter oder Direktor ist verantwortlich f\u00fcr die Zuordnung von Zugangsrechten f\u00fcr den Gebrauch<br \/>\ndes Onlinedienstes Document Exchange &#8211; DEx und die F\u00fchrung der Aufzeichnungen dar\u00fcber.<\/p>\n<p>5.3 Das Ausbessern, \u00c4ndern und Erg\u00e4nzen (Aktualisieren) von Software BZW des Onlinedienstes Document Exchange &#8211; DEx liegt in der Zust\u00e4ndigkeit des Direktors.<\/p>\n<p>5.4 Das Ausbessern, \u00c4ndern und Erg\u00e4nzen (Aktualisieren) von Software bzw. des Onlinedienstes Document Exchange \u2013 DEx von Seiten externer Dienstleister ist nur mit Zustimmung des Direktors zul\u00e4ssig. Diese sind ausschlieslich autorisierte Servicestellen und Organisationen sowie Personen, die mit Inovis Labs ein Vertrag abgeschlossen haben, der die einschl\u00e4gigen Bestimmungen zur vertraglichen Verarbeitung personenbezogener Daten enth\u00e4lt.<\/p>\n<p>5.5 Alle \u00c4nderungen und Erg\u00e4nzungen der Software m\u00fcssen so dokumentiert werden, dass diese r\u00fcckverfolgbar sind.<\/p>\n<p>5.6 Der Dienstleister, der im Rahmen seiner Arbeitsaufgaben, zum Zwecke der Wartung, Reparatur, \u00c4nderung oder Erg\u00e4nzung der Software sowie zur Benutzerunterst\u00fctzung, eine Kopie (Datenbank) personenbezogener Daten erstellt oder erstellen l\u00e4sst, ist verpflichtet sicherzustellen, dass die Kopie nach dem Gebrauch effektiv vernichtet oder gel\u00f6scht wird.<\/p>\n<h3>6 Schutz personenbezogener Daten und Ma\u00dfnahmen bei Sicherheitsvorf\u00e4llen<\/h3>\n<p>6.1 Inovis Labs, als Betreiber des Onlinedienstes Document Exchange \u2013 DEx, ist verpflichtet, angemessene Ma\u00dfnahmen zu ergreifen, um den Missbrauch personenbezogener Daten zu verhindern. Alle personenbezogene Daten m\u00fcssen gewissenhaft und sorgf\u00e4ltig, und in einer Art und Weise, die gem\u00e4\u00df den betreffenden Allgemeinen Nutzungsbedingungen ist, behandelt werden.<\/p>\n<p>6.2 Inovis Labs ist verantwortlich bei unrechtm\u00e4ssigen Aktivit\u00e4ten sofort die betroffenen Benutzer zu verst\u00e4ndigen und weitere rechtliche Schritte einzuleiten, um solche Aktivit\u00e4ten zu verhindern. Diese Aktivit\u00e4ten sind unbefugtes herausgeben, zerst\u00f6ren, b\u00f6swillige oder nicht autorisierte Verwendung, Veruntreuung, \u00c4nderung oder Besch\u00e4digung personenbezogener Daten.<\/p>\n<p>6.3 Der Direktor von Inovis Labs muss bei jedem Verdacht auf Verletzung des Datenschutzesgesetzes den Datenschutzbeauftragten innerhalb von 72 Stunden dar\u00fcber informieren. Im Falle das eine Verletzung des Datenschutzes ein erhebliches Risiko f\u00fcr die Rechte und Freiheiten der Benutzer darstellt, muss der Direktor sicherstellen, dass die betroffenenen Benutzer ohne unn\u00f6tige Verz\u00f6gerung \u00fcber den Versto\u00df gegen den Datenschutz informiert werden.<\/p>\n<h3>7 Schlussbestimmungen<\/h3>\n<p>7.1 Inovis Labs kann die Allgemeinen Nutzungsbedingungen oder andere Bedingungen im Zusammenhang mit der Sicherstellung der Nutzung des Onlinedienstes Dokument Exchange &#8211; DEx jederzeit gem\u00e4\u00df den geltenden Vorschriften \u00e4ndern.<\/p>\n<p>7.2 Inovis Labs informiert seine Benutzer \u00fcber \u00c4nderungen in den Allgemeinen Nutzungsbedingungen oder in anderen schriftlichen Vereinbarungen festgelegte Bedingungen, mit Benachrichtigungen auf der Website und per elektronische schriftliche Mitteilung per e \u2013mail sp\u00e4testens 30 Tage vor dem in krafttreten.<\/p>\n<p>7.3 Sollte sich herausstellen, dass ein Teil dieser Allgemeinen Nutzungsbedingungen ungeeignet, rechtswidrig oder ung\u00fcltig ist, hat dies keine Auswirkungen auf die restlichen Bedingungen, die weiterhin verwendet werden und unabh\u00e4ngig vom unagemessenen Teil sind.<\/p>\n<p>7.4 Inovis Labs beh\u00e4lt sich das Recht vor, offensichtliche Fehler in den allgemeinen Nutzungsbedingungen des Onlinedienstes Dokument Exchange &#8211; DEx zu korrigieren, ohne den Benutzer zu informieren. Korrekturen haben keine Auswirkungen auf die \u00c4nderung der allgemeinen Nutzungsbedingungen.<\/p>\n<p>7.5 Diese Allgemeinen Nutzungsbedingungen treten am 23. April 2019 in Kraft<\/p>\n<p>Inovis Labs d.o.o.<\/p>\n\t\t\t\t\t\t\t\t<\/div>\n\t\t\t\t<\/div>\n\t\t\t\t\t<\/div>\n\t\t<\/div>\n\t\t\t\t\t<\/div>\n\t\t<\/section>\n\t\t\t\t<\/div>\n\t\t","protected":false},"excerpt":{"rendered":"<p>Allgemeine Nutzungsbedingungen f\u00fcr den online Dienst Dokumentenaustausch \u2013DEx Inovis Labs, Produktion, Dienstleistungen und Vertrieb d.o.o. G\u00fcltigkeit: 23.4.2019 1 Allgemeine Bestimmungen und Begriffsdefinition\u00b8 1.1 Allgemeine Nutzungsbedingungen des Onlinedienstes Dokumentenaustausch \u2013 Dex (im Folgenden ANB) von Inovis Labs, Produktion, Dienstleistungen und Vertrieb d.o.o. (im Folgenden Inovis Labs) regeln die Beziehung zwischen Inovis Labs und dem Benutzer des [&hellip;]<\/p>\n","protected":false},"author":1,"featured_media":0,"parent":0,"menu_order":0,"comment_status":"closed","ping_status":"closed","template":"elementor_header_footer","meta":{"footnotes":""},"class_list":["post-532","page","type-page","status-publish","hentry"],"yoast_head":"<!-- This site is optimized with the Yoast SEO plugin v26.7 - https:\/\/yoast.com\/wordpress\/plugins\/seo\/ -->\n<title>Datenschutz-Bestimmungen &#8211; DEx<\/title>\n<meta name=\"robots\" content=\"index, follow, max-snippet:-1, max-image-preview:large, max-video-preview:-1\" \/>\n<link rel=\"canonical\" href=\"https:\/\/dex.si\/de\/datenschutz-bestimmungen\/\" \/>\n<meta property=\"og:locale\" content=\"de_DE\" \/>\n<meta property=\"og:type\" content=\"article\" \/>\n<meta property=\"og:title\" content=\"Datenschutz-Bestimmungen &#8211; DEx\" \/>\n<meta property=\"og:description\" content=\"Allgemeine Nutzungsbedingungen f\u00fcr den online Dienst Dokumentenaustausch \u2013DEx Inovis Labs, Produktion, Dienstleistungen und Vertrieb d.o.o. G\u00fcltigkeit: 23.4.2019 1 Allgemeine Bestimmungen und Begriffsdefinition\u00b8 1.1 Allgemeine Nutzungsbedingungen des Onlinedienstes Dokumentenaustausch \u2013 Dex (im Folgenden ANB) von Inovis Labs, Produktion, Dienstleistungen und Vertrieb d.o.o. (im Folgenden Inovis Labs) regeln die Beziehung zwischen Inovis Labs und dem Benutzer des [&hellip;]\" \/>\n<meta property=\"og:url\" content=\"https:\/\/dex.si\/de\/datenschutz-bestimmungen\/\" \/>\n<meta property=\"og:site_name\" content=\"DEx\" \/>\n<meta property=\"article:modified_time\" content=\"2020-08-06T09:25:13+00:00\" \/>\n<meta property=\"og:image\" content=\"https:\/\/dex.si\/wp-content\/uploads\/2020\/07\/DEx-logo-color-FB-cover.png\" \/>\n\t<meta property=\"og:image:width\" content=\"1200\" \/>\n\t<meta property=\"og:image:height\" content=\"630\" \/>\n\t<meta property=\"og:image:type\" content=\"image\/png\" \/>\n<meta name=\"twitter:card\" content=\"summary_large_image\" \/>\n<meta name=\"twitter:label1\" content=\"Gesch\u00e4tzte Lesezeit\" \/>\n\t<meta name=\"twitter:data1\" content=\"7\u00a0Minuten\" \/>\n<script type=\"application\/ld+json\" class=\"yoast-schema-graph\">{\"@context\":\"https:\/\/schema.org\",\"@graph\":[{\"@type\":\"WebPage\",\"@id\":\"https:\/\/dex.si\/de\/datenschutz-bestimmungen\/\",\"url\":\"https:\/\/dex.si\/de\/datenschutz-bestimmungen\/\",\"name\":\"Datenschutz-Bestimmungen &#8211; DEx\",\"isPartOf\":{\"@id\":\"https:\/\/dex.si\/de\/#website\"},\"datePublished\":\"2020-08-06T09:24:44+00:00\",\"dateModified\":\"2020-08-06T09:25:13+00:00\",\"breadcrumb\":{\"@id\":\"https:\/\/dex.si\/de\/datenschutz-bestimmungen\/#breadcrumb\"},\"inLanguage\":\"de\",\"potentialAction\":[{\"@type\":\"ReadAction\",\"target\":[\"https:\/\/dex.si\/de\/datenschutz-bestimmungen\/\"]}]},{\"@type\":\"BreadcrumbList\",\"@id\":\"https:\/\/dex.si\/de\/datenschutz-bestimmungen\/#breadcrumb\",\"itemListElement\":[{\"@type\":\"ListItem\",\"position\":1,\"name\":\"Home\",\"item\":\"https:\/\/dex.si\/de\/?lang=de\"},{\"@type\":\"ListItem\",\"position\":2,\"name\":\"Datenschutz-Bestimmungen\"}]},{\"@type\":\"WebSite\",\"@id\":\"https:\/\/dex.si\/de\/#website\",\"url\":\"https:\/\/dex.si\/de\/\",\"name\":\"DEx\",\"description\":\"Digitalno, enostavno in varno\",\"publisher\":{\"@id\":\"https:\/\/dex.si\/de\/#organization\"},\"potentialAction\":[{\"@type\":\"SearchAction\",\"target\":{\"@type\":\"EntryPoint\",\"urlTemplate\":\"https:\/\/dex.si\/de\/?s={search_term_string}\"},\"query-input\":{\"@type\":\"PropertyValueSpecification\",\"valueRequired\":true,\"valueName\":\"search_term_string\"}}],\"inLanguage\":\"de\"},{\"@type\":\"Organization\",\"@id\":\"https:\/\/dex.si\/de\/#organization\",\"name\":\"DEx\",\"url\":\"https:\/\/dex.si\/de\/\",\"logo\":{\"@type\":\"ImageObject\",\"inLanguage\":\"de\",\"@id\":\"https:\/\/dex.si\/de\/#\/schema\/logo\/image\/\",\"url\":\"https:\/\/dex.si\/wp-content\/uploads\/2020\/07\/DEx-logo-color1024-512.png\",\"contentUrl\":\"https:\/\/dex.si\/wp-content\/uploads\/2020\/07\/DEx-logo-color1024-512.png\",\"width\":1024,\"height\":512,\"caption\":\"DEx\"},\"image\":{\"@id\":\"https:\/\/dex.si\/de\/#\/schema\/logo\/image\/\"},\"sameAs\":[\"https:\/\/www.youtube.com\/channel\/UCamUs8F0qGv-F_1vQZFlDCg\/\"]}]}<\/script>\n<!-- \/ Yoast SEO plugin. -->","yoast_head_json":{"title":"Datenschutz-Bestimmungen &#8211; DEx","robots":{"index":"index","follow":"follow","max-snippet":"max-snippet:-1","max-image-preview":"max-image-preview:large","max-video-preview":"max-video-preview:-1"},"canonical":"https:\/\/dex.si\/de\/datenschutz-bestimmungen\/","og_locale":"de_DE","og_type":"article","og_title":"Datenschutz-Bestimmungen &#8211; DEx","og_description":"Allgemeine Nutzungsbedingungen f\u00fcr den online Dienst Dokumentenaustausch \u2013DEx Inovis Labs, Produktion, Dienstleistungen und Vertrieb d.o.o. G\u00fcltigkeit: 23.4.2019 1 Allgemeine Bestimmungen und Begriffsdefinition\u00b8 1.1 Allgemeine Nutzungsbedingungen des Onlinedienstes Dokumentenaustausch \u2013 Dex (im Folgenden ANB) von Inovis Labs, Produktion, Dienstleistungen und Vertrieb d.o.o. (im Folgenden Inovis Labs) regeln die Beziehung zwischen Inovis Labs und dem Benutzer des [&hellip;]","og_url":"https:\/\/dex.si\/de\/datenschutz-bestimmungen\/","og_site_name":"DEx","article_modified_time":"2020-08-06T09:25:13+00:00","og_image":[{"width":1200,"height":630,"url":"https:\/\/dex.si\/wp-content\/uploads\/2020\/07\/DEx-logo-color-FB-cover.png","type":"image\/png"}],"twitter_card":"summary_large_image","twitter_misc":{"Gesch\u00e4tzte Lesezeit":"7\u00a0Minuten"},"schema":{"@context":"https:\/\/schema.org","@graph":[{"@type":"WebPage","@id":"https:\/\/dex.si\/de\/datenschutz-bestimmungen\/","url":"https:\/\/dex.si\/de\/datenschutz-bestimmungen\/","name":"Datenschutz-Bestimmungen &#8211; DEx","isPartOf":{"@id":"https:\/\/dex.si\/de\/#website"},"datePublished":"2020-08-06T09:24:44+00:00","dateModified":"2020-08-06T09:25:13+00:00","breadcrumb":{"@id":"https:\/\/dex.si\/de\/datenschutz-bestimmungen\/#breadcrumb"},"inLanguage":"de","potentialAction":[{"@type":"ReadAction","target":["https:\/\/dex.si\/de\/datenschutz-bestimmungen\/"]}]},{"@type":"BreadcrumbList","@id":"https:\/\/dex.si\/de\/datenschutz-bestimmungen\/#breadcrumb","itemListElement":[{"@type":"ListItem","position":1,"name":"Home","item":"https:\/\/dex.si\/de\/?lang=de"},{"@type":"ListItem","position":2,"name":"Datenschutz-Bestimmungen"}]},{"@type":"WebSite","@id":"https:\/\/dex.si\/de\/#website","url":"https:\/\/dex.si\/de\/","name":"DEx","description":"Digitalno, enostavno in varno","publisher":{"@id":"https:\/\/dex.si\/de\/#organization"},"potentialAction":[{"@type":"SearchAction","target":{"@type":"EntryPoint","urlTemplate":"https:\/\/dex.si\/de\/?s={search_term_string}"},"query-input":{"@type":"PropertyValueSpecification","valueRequired":true,"valueName":"search_term_string"}}],"inLanguage":"de"},{"@type":"Organization","@id":"https:\/\/dex.si\/de\/#organization","name":"DEx","url":"https:\/\/dex.si\/de\/","logo":{"@type":"ImageObject","inLanguage":"de","@id":"https:\/\/dex.si\/de\/#\/schema\/logo\/image\/","url":"https:\/\/dex.si\/wp-content\/uploads\/2020\/07\/DEx-logo-color1024-512.png","contentUrl":"https:\/\/dex.si\/wp-content\/uploads\/2020\/07\/DEx-logo-color1024-512.png","width":1024,"height":512,"caption":"DEx"},"image":{"@id":"https:\/\/dex.si\/de\/#\/schema\/logo\/image\/"},"sameAs":["https:\/\/www.youtube.com\/channel\/UCamUs8F0qGv-F_1vQZFlDCg\/"]}]}},"_links":{"self":[{"href":"https:\/\/dex.si\/de\/wp-json\/wp\/v2\/pages\/532","targetHints":{"allow":["GET"]}}],"collection":[{"href":"https:\/\/dex.si\/de\/wp-json\/wp\/v2\/pages"}],"about":[{"href":"https:\/\/dex.si\/de\/wp-json\/wp\/v2\/types\/page"}],"author":[{"embeddable":true,"href":"https:\/\/dex.si\/de\/wp-json\/wp\/v2\/users\/1"}],"replies":[{"embeddable":true,"href":"https:\/\/dex.si\/de\/wp-json\/wp\/v2\/comments?post=532"}],"version-history":[{"count":7,"href":"https:\/\/dex.si\/de\/wp-json\/wp\/v2\/pages\/532\/revisions"}],"predecessor-version":[{"id":539,"href":"https:\/\/dex.si\/de\/wp-json\/wp\/v2\/pages\/532\/revisions\/539"}],"wp:attachment":[{"href":"https:\/\/dex.si\/de\/wp-json\/wp\/v2\/media?parent=532"}],"curies":[{"name":"wp","href":"https:\/\/api.w.org\/{rel}","templated":true}]}}