{"id":530,"date":"2020-08-06T11:22:22","date_gmt":"2020-08-06T09:22:22","guid":{"rendered":"https:\/\/dex.si\/danke\/"},"modified":"2020-08-13T15:17:10","modified_gmt":"2020-08-13T13:17:10","slug":"danke","status":"publish","type":"page","link":"https:\/\/dex.si\/de\/danke\/","title":{"rendered":"Danke"},"content":{"rendered":"\t\t<div data-elementor-type=\"wp-page\" data-elementor-id=\"530\" class=\"elementor elementor-530 elementor-478\" data-elementor-post-type=\"page\">\n\t\t\t\t\t\t<section class=\"elementor-section elementor-top-section elementor-element elementor-element-bacaab6 elementor-section-boxed elementor-section-height-default elementor-section-height-default\" data-id=\"bacaab6\" data-element_type=\"section\">\n\t\t\t\t\t\t<div class=\"elementor-container elementor-column-gap-default\">\n\t\t\t\t\t<div class=\"elementor-column elementor-col-100 elementor-top-column elementor-element elementor-element-f763d63\" data-id=\"f763d63\" data-element_type=\"column\">\n\t\t\t<div class=\"elementor-widget-wrap elementor-element-populated\">\n\t\t\t\t\t\t<div class=\"elementor-element elementor-element-64d61f7 elementor-widget elementor-widget-heading\" data-id=\"64d61f7\" data-element_type=\"widget\" data-widget_type=\"heading.default\">\n\t\t\t\t<div class=\"elementor-widget-container\">\n\t\t\t\t\t<h2 class=\"elementor-heading-title elementor-size-default\">Danke f\u00fcr ihre Nachfrage!<\/h2>\t\t\t\t<\/div>\n\t\t\t\t<\/div>\n\t\t\t\t<div class=\"elementor-element elementor-element-91f831c elementor-widget elementor-widget-text-editor\" data-id=\"91f831c\" data-element_type=\"widget\" data-widget_type=\"text-editor.default\">\n\t\t\t\t<div class=\"elementor-widget-container\">\n\t\t\t\t\t\t\t\t\t<p>Ihre Nachricht wurde erfolgreich gesendet.<\/p>\n<p>Wir werden ihnen innerhalb k\u00fcrzester Zeit antworten.<\/p>\n<p>Mit freundlichen Gr\u00fc\u00dfen,<\/p>\n<p>Ihr Dex Team<\/p>\n\t\t\t\t\t\t\t\t<\/div>\n\t\t\t\t<\/div>\n\t\t\t\t\t<\/div>\n\t\t<\/div>\n\t\t\t\t\t<\/div>\n\t\t<\/section>\n\t\t\t\t<\/div>\n\t\t","protected":false},"excerpt":{"rendered":"<p>Danke f\u00fcr ihre Nachfrage! Ihre Nachricht wurde erfolgreich gesendet. Wir werden ihnen innerhalb k\u00fcrzester Zeit antworten. Mit freundlichen Gr\u00fc\u00dfen, Ihr Dex Team<\/p>\n","protected":false},"author":1,"featured_media":0,"parent":0,"menu_order":0,"comment_status":"closed","ping_status":"closed","template":"elementor_header_footer","meta":{"footnotes":""},"class_list":["post-530","page","type-page","status-publish","hentry"],"yoast_head":"<!-- This site is optimized with the Yoast SEO plugin v26.7 - https:\/\/yoast.com\/wordpress\/plugins\/seo\/ -->\n<title>Danke &#8211; DEx<\/title>\n<meta name=\"robots\" content=\"index, follow, max-snippet:-1, max-image-preview:large, max-video-preview:-1\" \/>\n<link rel=\"canonical\" href=\"https:\/\/dex.si\/de\/danke\/\" \/>\n<meta property=\"og:locale\" content=\"de_DE\" \/>\n<meta property=\"og:type\" content=\"article\" \/>\n<meta property=\"og:title\" content=\"Danke &#8211; DEx\" \/>\n<meta property=\"og:description\" content=\"Danke f\u00fcr ihre Nachfrage! Ihre Nachricht wurde erfolgreich gesendet. Wir werden ihnen innerhalb k\u00fcrzester Zeit antworten. Mit freundlichen Gr\u00fc\u00dfen, Ihr Dex Team\" \/>\n<meta property=\"og:url\" content=\"https:\/\/dex.si\/de\/danke\/\" \/>\n<meta property=\"og:site_name\" content=\"DEx\" \/>\n<meta property=\"article:modified_time\" content=\"2020-08-13T13:17:10+00:00\" \/>\n<meta property=\"og:image\" content=\"https:\/\/dex.si\/wp-content\/uploads\/2020\/07\/DEx-logo-color-FB-cover.png\" \/>\n\t<meta property=\"og:image:width\" content=\"1200\" \/>\n\t<meta property=\"og:image:height\" content=\"630\" \/>\n\t<meta property=\"og:image:type\" content=\"image\/png\" \/>\n<meta name=\"twitter:card\" content=\"summary_large_image\" \/>\n<script type=\"application\/ld+json\" class=\"yoast-schema-graph\">{\"@context\":\"https:\/\/schema.org\",\"@graph\":[{\"@type\":\"WebPage\",\"@id\":\"https:\/\/dex.si\/de\/danke\/\",\"url\":\"https:\/\/dex.si\/de\/danke\/\",\"name\":\"Danke &#8211; DEx\",\"isPartOf\":{\"@id\":\"https:\/\/dex.si\/de\/#website\"},\"datePublished\":\"2020-08-06T09:22:22+00:00\",\"dateModified\":\"2020-08-13T13:17:10+00:00\",\"breadcrumb\":{\"@id\":\"https:\/\/dex.si\/de\/danke\/#breadcrumb\"},\"inLanguage\":\"de\",\"potentialAction\":[{\"@type\":\"ReadAction\",\"target\":[\"https:\/\/dex.si\/de\/danke\/\"]}]},{\"@type\":\"BreadcrumbList\",\"@id\":\"https:\/\/dex.si\/de\/danke\/#breadcrumb\",\"itemListElement\":[{\"@type\":\"ListItem\",\"position\":1,\"name\":\"Home\",\"item\":\"https:\/\/dex.si\/de\/?lang=de\"},{\"@type\":\"ListItem\",\"position\":2,\"name\":\"Danke\"}]},{\"@type\":\"WebSite\",\"@id\":\"https:\/\/dex.si\/de\/#website\",\"url\":\"https:\/\/dex.si\/de\/\",\"name\":\"DEx\",\"description\":\"Digitalno, enostavno in varno\",\"publisher\":{\"@id\":\"https:\/\/dex.si\/de\/#organization\"},\"potentialAction\":[{\"@type\":\"SearchAction\",\"target\":{\"@type\":\"EntryPoint\",\"urlTemplate\":\"https:\/\/dex.si\/de\/?s={search_term_string}\"},\"query-input\":{\"@type\":\"PropertyValueSpecification\",\"valueRequired\":true,\"valueName\":\"search_term_string\"}}],\"inLanguage\":\"de\"},{\"@type\":\"Organization\",\"@id\":\"https:\/\/dex.si\/de\/#organization\",\"name\":\"DEx\",\"url\":\"https:\/\/dex.si\/de\/\",\"logo\":{\"@type\":\"ImageObject\",\"inLanguage\":\"de\",\"@id\":\"https:\/\/dex.si\/de\/#\/schema\/logo\/image\/\",\"url\":\"https:\/\/dex.si\/wp-content\/uploads\/2020\/07\/DEx-logo-color1024-512.png\",\"contentUrl\":\"https:\/\/dex.si\/wp-content\/uploads\/2020\/07\/DEx-logo-color1024-512.png\",\"width\":1024,\"height\":512,\"caption\":\"DEx\"},\"image\":{\"@id\":\"https:\/\/dex.si\/de\/#\/schema\/logo\/image\/\"},\"sameAs\":[\"https:\/\/www.youtube.com\/channel\/UCamUs8F0qGv-F_1vQZFlDCg\/\"]}]}<\/script>\n<!-- \/ Yoast SEO plugin. -->","yoast_head_json":{"title":"Danke &#8211; DEx","robots":{"index":"index","follow":"follow","max-snippet":"max-snippet:-1","max-image-preview":"max-image-preview:large","max-video-preview":"max-video-preview:-1"},"canonical":"https:\/\/dex.si\/de\/danke\/","og_locale":"de_DE","og_type":"article","og_title":"Danke &#8211; DEx","og_description":"Danke f\u00fcr ihre Nachfrage! Ihre Nachricht wurde erfolgreich gesendet. Wir werden ihnen innerhalb k\u00fcrzester Zeit antworten. Mit freundlichen Gr\u00fc\u00dfen, Ihr Dex Team","og_url":"https:\/\/dex.si\/de\/danke\/","og_site_name":"DEx","article_modified_time":"2020-08-13T13:17:10+00:00","og_image":[{"width":1200,"height":630,"url":"https:\/\/dex.si\/wp-content\/uploads\/2020\/07\/DEx-logo-color-FB-cover.png","type":"image\/png"}],"twitter_card":"summary_large_image","schema":{"@context":"https:\/\/schema.org","@graph":[{"@type":"WebPage","@id":"https:\/\/dex.si\/de\/danke\/","url":"https:\/\/dex.si\/de\/danke\/","name":"Danke &#8211; DEx","isPartOf":{"@id":"https:\/\/dex.si\/de\/#website"},"datePublished":"2020-08-06T09:22:22+00:00","dateModified":"2020-08-13T13:17:10+00:00","breadcrumb":{"@id":"https:\/\/dex.si\/de\/danke\/#breadcrumb"},"inLanguage":"de","potentialAction":[{"@type":"ReadAction","target":["https:\/\/dex.si\/de\/danke\/"]}]},{"@type":"BreadcrumbList","@id":"https:\/\/dex.si\/de\/danke\/#breadcrumb","itemListElement":[{"@type":"ListItem","position":1,"name":"Home","item":"https:\/\/dex.si\/de\/?lang=de"},{"@type":"ListItem","position":2,"name":"Danke"}]},{"@type":"WebSite","@id":"https:\/\/dex.si\/de\/#website","url":"https:\/\/dex.si\/de\/","name":"DEx","description":"Digitalno, enostavno in varno","publisher":{"@id":"https:\/\/dex.si\/de\/#organization"},"potentialAction":[{"@type":"SearchAction","target":{"@type":"EntryPoint","urlTemplate":"https:\/\/dex.si\/de\/?s={search_term_string}"},"query-input":{"@type":"PropertyValueSpecification","valueRequired":true,"valueName":"search_term_string"}}],"inLanguage":"de"},{"@type":"Organization","@id":"https:\/\/dex.si\/de\/#organization","name":"DEx","url":"https:\/\/dex.si\/de\/","logo":{"@type":"ImageObject","inLanguage":"de","@id":"https:\/\/dex.si\/de\/#\/schema\/logo\/image\/","url":"https:\/\/dex.si\/wp-content\/uploads\/2020\/07\/DEx-logo-color1024-512.png","contentUrl":"https:\/\/dex.si\/wp-content\/uploads\/2020\/07\/DEx-logo-color1024-512.png","width":1024,"height":512,"caption":"DEx"},"image":{"@id":"https:\/\/dex.si\/de\/#\/schema\/logo\/image\/"},"sameAs":["https:\/\/www.youtube.com\/channel\/UCamUs8F0qGv-F_1vQZFlDCg\/"]}]}},"_links":{"self":[{"href":"https:\/\/dex.si\/de\/wp-json\/wp\/v2\/pages\/530","targetHints":{"allow":["GET"]}}],"collection":[{"href":"https:\/\/dex.si\/de\/wp-json\/wp\/v2\/pages"}],"about":[{"href":"https:\/\/dex.si\/de\/wp-json\/wp\/v2\/types\/page"}],"author":[{"embeddable":true,"href":"https:\/\/dex.si\/de\/wp-json\/wp\/v2\/users\/1"}],"replies":[{"embeddable":true,"href":"https:\/\/dex.si\/de\/wp-json\/wp\/v2\/comments?post=530"}],"version-history":[{"count":3,"href":"https:\/\/dex.si\/de\/wp-json\/wp\/v2\/pages\/530\/revisions"}],"predecessor-version":[{"id":571,"href":"https:\/\/dex.si\/de\/wp-json\/wp\/v2\/pages\/530\/revisions\/571"}],"wp:attachment":[{"href":"https:\/\/dex.si\/de\/wp-json\/wp\/v2\/media?parent=530"}],"curies":[{"name":"wp","href":"https:\/\/api.w.org\/{rel}","templated":true}]}}