{"id":520,"date":"2020-08-06T11:20:38","date_gmt":"2020-08-06T09:20:38","guid":{"rendered":"https:\/\/dex.si\/demo-test\/"},"modified":"2020-08-06T11:20:38","modified_gmt":"2020-08-06T09:20:38","slug":"demo-test","status":"publish","type":"page","link":"https:\/\/dex.si\/de\/demo-test\/","title":{"rendered":"Demo Test"},"content":{"rendered":"\t\t<div data-elementor-type=\"wp-page\" data-elementor-id=\"520\" class=\"elementor elementor-520 elementor-145\" data-elementor-post-type=\"page\">\n\t\t\t\t\t\t<section class=\"elementor-section elementor-top-section elementor-element elementor-element-bd5a4c2 elementor-section-boxed elementor-section-height-default elementor-section-height-default\" data-id=\"bd5a4c2\" data-element_type=\"section\">\n\t\t\t\t\t\t<div class=\"elementor-container elementor-column-gap-default\">\n\t\t\t\t\t<div class=\"elementor-column elementor-col-100 elementor-top-column elementor-element elementor-element-448d009\" data-id=\"448d009\" data-element_type=\"column\">\n\t\t\t<div class=\"elementor-widget-wrap elementor-element-populated\">\n\t\t\t\t\t\t<div class=\"elementor-element elementor-element-5ce6a34 elementor-widget elementor-widget-heading\" data-id=\"5ce6a34\" data-element_type=\"widget\" data-widget_type=\"heading.default\">\n\t\t\t\t<div class=\"elementor-widget-container\">\n\t\t\t\t\t<h2 class=\"elementor-heading-title elementor-size-default\">Willkommen in DEx Demo<\/h2>\t\t\t\t<\/div>\n\t\t\t\t<\/div>\n\t\t\t\t\t<\/div>\n\t\t<\/div>\n\t\t\t\t\t<\/div>\n\t\t<\/section>\n\t\t\t\t<section class=\"elementor-section elementor-top-section elementor-element elementor-element-424f14b elementor-section-boxed elementor-section-height-default elementor-section-height-default\" data-id=\"424f14b\" data-element_type=\"section\">\n\t\t\t\t\t\t<div class=\"elementor-container elementor-column-gap-default\">\n\t\t\t\t\t<div class=\"elementor-column elementor-col-100 elementor-top-column elementor-element elementor-element-67365cf\" data-id=\"67365cf\" data-element_type=\"column\">\n\t\t\t<div class=\"elementor-widget-wrap elementor-element-populated\">\n\t\t\t\t\t\t<div class=\"elementor-element elementor-element-5f01f6f elementor-widget elementor-widget-text-editor\" data-id=\"5f01f6f\" data-element_type=\"widget\" data-widget_type=\"text-editor.default\">\n\t\t\t\t<div class=\"elementor-widget-container\">\n\t\t\t\t\t\t\t\t\t<p>Eine Serie von kurzen Videos wird Ihen die Haupteigenschaften von Dex nahebringen und sie durch die Test Version f\u00fchren.<\/p>\n<p>Um die Funktionalit\u00e4t von Dex testen zu k\u00f6nnen, ben\u00f6tigen Sie die Testdateien und Zugriffsdaten auf Ihrem Computer, die Sie vorzeitig von uns erhalten haben. <\/p>\n<p>Danke f\u00fcr Ihr Vertrauen,<br \/>Ihr DEx Team<\/p>\n\t\t\t\t\t\t\t\t<\/div>\n\t\t\t\t<\/div>\n\t\t\t\t\t<\/div>\n\t\t<\/div>\n\t\t\t\t\t<\/div>\n\t\t<\/section>\n\t\t\t\t<section class=\"elementor-section elementor-top-section elementor-element elementor-element-07f1c27 elementor-section-boxed elementor-section-height-default elementor-section-height-default\" data-id=\"07f1c27\" data-element_type=\"section\">\n\t\t\t\t\t\t<div class=\"elementor-container elementor-column-gap-default\">\n\t\t\t\t\t<div class=\"elementor-column elementor-col-100 elementor-top-column elementor-element elementor-element-66a6047\" data-id=\"66a6047\" data-element_type=\"column\">\n\t\t\t<div class=\"elementor-widget-wrap elementor-element-populated\">\n\t\t\t\t\t\t<div class=\"elementor-element elementor-element-69da6ce elementor-widget elementor-widget-heading\" data-id=\"69da6ce\" data-element_type=\"widget\" data-widget_type=\"heading.default\">\n\t\t\t\t<div class=\"elementor-widget-container\">\n\t\t\t\t\t<h3 class=\"elementor-heading-title elementor-size-default\">Senden von Dokumenten an alle Mitarbeiter <\/h3>\t\t\t\t<\/div>\n\t\t\t\t<\/div>\n\t\t\t\t<div class=\"elementor-element elementor-element-2d59729 elementor-widget elementor-widget-video\" data-id=\"2d59729\" data-element_type=\"widget\" data-settings=\"{&quot;youtube_url&quot;:&quot;https:\\\/\\\/www.youtube.com\\\/watch?v=zeqH5G6zGrE&quot;,&quot;autoplay&quot;:&quot;yes&quot;,&quot;lazy_load&quot;:&quot;yes&quot;,&quot;video_type&quot;:&quot;youtube&quot;,&quot;controls&quot;:&quot;yes&quot;}\" data-widget_type=\"video.default\">\n\t\t\t\t<div class=\"elementor-widget-container\">\n\t\t\t\t\t\t\t<div class=\"elementor-wrapper elementor-open-inline\">\n\t\t\t<div class=\"elementor-video\"><\/div>\t\t<\/div>\n\t\t\t\t\t\t<\/div>\n\t\t\t\t<\/div>\n\t\t\t\t\t<\/div>\n\t\t<\/div>\n\t\t\t\t\t<\/div>\n\t\t<\/section>\n\t\t\t\t<section class=\"elementor-section elementor-top-section elementor-element elementor-element-90d05db elementor-section-boxed elementor-section-height-default elementor-section-height-default\" data-id=\"90d05db\" data-element_type=\"section\">\n\t\t\t\t\t\t<div class=\"elementor-container elementor-column-gap-default\">\n\t\t\t\t\t<div class=\"elementor-column elementor-col-100 elementor-top-column elementor-element elementor-element-c5b4f77\" data-id=\"c5b4f77\" data-element_type=\"column\">\n\t\t\t<div class=\"elementor-widget-wrap elementor-element-populated\">\n\t\t\t\t\t\t<div class=\"elementor-element elementor-element-d1ef92c elementor-widget elementor-widget-heading\" data-id=\"d1ef92c\" data-element_type=\"widget\" data-widget_type=\"heading.default\">\n\t\t\t\t<div class=\"elementor-widget-container\">\n\t\t\t\t\t<h3 class=\"elementor-heading-title elementor-size-default\">Senden von Dokumenten an einzelne  Angestellten<\/h3>\t\t\t\t<\/div>\n\t\t\t\t<\/div>\n\t\t\t\t<div class=\"elementor-element elementor-element-dd21db1 elementor-widget elementor-widget-video\" data-id=\"dd21db1\" data-element_type=\"widget\" data-settings=\"{&quot;youtube_url&quot;:&quot;https:\\\/\\\/www.youtube.com\\\/watch?v=izVFN_BHFsQ&quot;,&quot;autoplay&quot;:&quot;yes&quot;,&quot;lazy_load&quot;:&quot;yes&quot;,&quot;video_type&quot;:&quot;youtube&quot;,&quot;controls&quot;:&quot;yes&quot;}\" data-widget_type=\"video.default\">\n\t\t\t\t<div class=\"elementor-widget-container\">\n\t\t\t\t\t\t\t<div class=\"elementor-wrapper elementor-open-inline\">\n\t\t\t<div class=\"elementor-video\"><\/div>\t\t<\/div>\n\t\t\t\t\t\t<\/div>\n\t\t\t\t<\/div>\n\t\t\t\t\t<\/div>\n\t\t<\/div>\n\t\t\t\t\t<\/div>\n\t\t<\/section>\n\t\t\t\t<section class=\"elementor-section elementor-top-section elementor-element elementor-element-6f86f78 elementor-section-boxed elementor-section-height-default elementor-section-height-default\" data-id=\"6f86f78\" data-element_type=\"section\">\n\t\t\t\t\t\t<div class=\"elementor-container elementor-column-gap-default\">\n\t\t\t\t\t<div class=\"elementor-column elementor-col-100 elementor-top-column elementor-element elementor-element-9c530d7\" data-id=\"9c530d7\" data-element_type=\"column\">\n\t\t\t<div class=\"elementor-widget-wrap elementor-element-populated\">\n\t\t\t\t\t\t<div class=\"elementor-element elementor-element-87bce27 elementor-widget elementor-widget-heading\" data-id=\"87bce27\" data-element_type=\"widget\" data-widget_type=\"heading.default\">\n\t\t\t\t<div class=\"elementor-widget-container\">\n\t\t\t\t\t<h3 class=\"elementor-heading-title elementor-size-default\">R\u00fccknahme der gesendeten Dokumente<\/h3>\t\t\t\t<\/div>\n\t\t\t\t<\/div>\n\t\t\t\t<div class=\"elementor-element elementor-element-a374b8a elementor-widget elementor-widget-video\" data-id=\"a374b8a\" data-element_type=\"widget\" data-settings=\"{&quot;youtube_url&quot;:&quot;https:\\\/\\\/www.youtube.com\\\/watch?v=mjz2bRXidT4&quot;,&quot;autoplay&quot;:&quot;yes&quot;,&quot;lazy_load&quot;:&quot;yes&quot;,&quot;video_type&quot;:&quot;youtube&quot;,&quot;controls&quot;:&quot;yes&quot;}\" data-widget_type=\"video.default\">\n\t\t\t\t<div class=\"elementor-widget-container\">\n\t\t\t\t\t\t\t<div class=\"elementor-wrapper elementor-open-inline\">\n\t\t\t<div class=\"elementor-video\"><\/div>\t\t<\/div>\n\t\t\t\t\t\t<\/div>\n\t\t\t\t<\/div>\n\t\t\t\t\t<\/div>\n\t\t<\/div>\n\t\t\t\t\t<\/div>\n\t\t<\/section>\n\t\t\t\t<section class=\"elementor-section elementor-top-section elementor-element elementor-element-2dba311 elementor-section-boxed elementor-section-height-default elementor-section-height-default\" data-id=\"2dba311\" data-element_type=\"section\">\n\t\t\t\t\t\t<div class=\"elementor-container elementor-column-gap-default\">\n\t\t\t\t\t<div class=\"elementor-column elementor-col-100 elementor-top-column elementor-element elementor-element-26e1b7b\" data-id=\"26e1b7b\" data-element_type=\"column\">\n\t\t\t<div class=\"elementor-widget-wrap elementor-element-populated\">\n\t\t\t\t\t\t<div class=\"elementor-element elementor-element-9354578 elementor-widget elementor-widget-heading\" data-id=\"9354578\" data-element_type=\"widget\" data-widget_type=\"heading.default\">\n\t\t\t\t<div class=\"elementor-widget-container\">\n\t\t\t\t\t<h3 class=\"elementor-heading-title elementor-size-default\">Nachrichten<\/h3>\t\t\t\t<\/div>\n\t\t\t\t<\/div>\n\t\t\t\t<div class=\"elementor-element elementor-element-e5feddd elementor-widget elementor-widget-video\" data-id=\"e5feddd\" data-element_type=\"widget\" data-settings=\"{&quot;youtube_url&quot;:&quot;https:\\\/\\\/www.youtube.com\\\/watch?v=fELy5LdQ6ZI&quot;,&quot;autoplay&quot;:&quot;yes&quot;,&quot;lazy_load&quot;:&quot;yes&quot;,&quot;video_type&quot;:&quot;youtube&quot;,&quot;controls&quot;:&quot;yes&quot;}\" data-widget_type=\"video.default\">\n\t\t\t\t<div class=\"elementor-widget-container\">\n\t\t\t\t\t\t\t<div class=\"elementor-wrapper elementor-open-inline\">\n\t\t\t<div class=\"elementor-video\"><\/div>\t\t<\/div>\n\t\t\t\t\t\t<\/div>\n\t\t\t\t<\/div>\n\t\t\t\t\t<\/div>\n\t\t<\/div>\n\t\t\t\t\t<\/div>\n\t\t<\/section>\n\t\t\t\t<section class=\"elementor-section elementor-top-section elementor-element elementor-element-103cfe3 elementor-section-boxed elementor-section-height-default elementor-section-height-default\" data-id=\"103cfe3\" data-element_type=\"section\">\n\t\t\t\t\t\t<div class=\"elementor-container elementor-column-gap-default\">\n\t\t\t\t\t<div class=\"elementor-column elementor-col-100 elementor-top-column elementor-element elementor-element-e97fa2b\" data-id=\"e97fa2b\" data-element_type=\"column\">\n\t\t\t<div class=\"elementor-widget-wrap elementor-element-populated\">\n\t\t\t\t\t\t<div class=\"elementor-element elementor-element-2b74d07 elementor-widget elementor-widget-heading\" data-id=\"2b74d07\" data-element_type=\"widget\" data-widget_type=\"heading.default\">\n\t\t\t\t<div class=\"elementor-widget-container\">\n\t\t\t\t\t<h3 class=\"elementor-heading-title elementor-size-default\">Rechtsakte und Verordnungen<\/h3>\t\t\t\t<\/div>\n\t\t\t\t<\/div>\n\t\t\t\t<div class=\"elementor-element elementor-element-70a1331 elementor-widget elementor-widget-video\" data-id=\"70a1331\" data-element_type=\"widget\" data-settings=\"{&quot;youtube_url&quot;:&quot;https:\\\/\\\/www.youtube.com\\\/watch?v=btb2BZ3kcPo&quot;,&quot;autoplay&quot;:&quot;yes&quot;,&quot;lazy_load&quot;:&quot;yes&quot;,&quot;video_type&quot;:&quot;youtube&quot;,&quot;controls&quot;:&quot;yes&quot;}\" data-widget_type=\"video.default\">\n\t\t\t\t<div class=\"elementor-widget-container\">\n\t\t\t\t\t\t\t<div class=\"elementor-wrapper elementor-open-inline\">\n\t\t\t<div class=\"elementor-video\"><\/div>\t\t<\/div>\n\t\t\t\t\t\t<\/div>\n\t\t\t\t<\/div>\n\t\t\t\t\t<\/div>\n\t\t<\/div>\n\t\t\t\t\t<\/div>\n\t\t<\/section>\n\t\t\t\t<section class=\"elementor-section elementor-top-section elementor-element elementor-element-3509e55 elementor-section-boxed elementor-section-height-default elementor-section-height-default\" data-id=\"3509e55\" data-element_type=\"section\">\n\t\t\t\t\t\t<div class=\"elementor-container elementor-column-gap-default\">\n\t\t\t\t\t<div class=\"elementor-column elementor-col-100 elementor-top-column elementor-element elementor-element-5342079\" data-id=\"5342079\" data-element_type=\"column\">\n\t\t\t<div class=\"elementor-widget-wrap elementor-element-populated\">\n\t\t\t\t\t\t<div class=\"elementor-element elementor-element-4e3cd9e elementor-widget elementor-widget-heading\" data-id=\"4e3cd9e\" data-element_type=\"widget\" data-widget_type=\"heading.default\">\n\t\t\t\t<div class=\"elementor-widget-container\">\n\t\t\t\t\t<h3 class=\"elementor-heading-title elementor-size-default\">Dokumentenansicht durch die Angestellte<\/h3>\t\t\t\t<\/div>\n\t\t\t\t<\/div>\n\t\t\t\t<div class=\"elementor-element elementor-element-ae709f9 elementor-widget elementor-widget-video\" data-id=\"ae709f9\" data-element_type=\"widget\" data-settings=\"{&quot;youtube_url&quot;:&quot;https:\\\/\\\/www.youtube.com\\\/watch?v=aik3gT25Eas&quot;,&quot;autoplay&quot;:&quot;yes&quot;,&quot;lazy_load&quot;:&quot;yes&quot;,&quot;video_type&quot;:&quot;youtube&quot;,&quot;controls&quot;:&quot;yes&quot;}\" data-widget_type=\"video.default\">\n\t\t\t\t<div class=\"elementor-widget-container\">\n\t\t\t\t\t\t\t<div class=\"elementor-wrapper elementor-open-inline\">\n\t\t\t<div class=\"elementor-video\"><\/div>\t\t<\/div>\n\t\t\t\t\t\t<\/div>\n\t\t\t\t<\/div>\n\t\t\t\t\t<\/div>\n\t\t<\/div>\n\t\t\t\t\t<\/div>\n\t\t<\/section>\n\t\t\t\t<\/div>\n\t\t","protected":false},"excerpt":{"rendered":"<p>Willkommen in DEx Demo Eine Serie von kurzen Videos wird Ihen die Haupteigenschaften von Dex nahebringen und sie durch die Test Version f\u00fchren. Um die Funktionalit\u00e4t von Dex testen zu k\u00f6nnen, ben\u00f6tigen Sie die Testdateien und Zugriffsdaten auf Ihrem Computer, die Sie vorzeitig von uns erhalten haben. Danke f\u00fcr Ihr Vertrauen,Ihr DEx Team Senden von [&hellip;]<\/p>\n","protected":false},"author":1,"featured_media":0,"parent":0,"menu_order":0,"comment_status":"closed","ping_status":"closed","template":"elementor_header_footer","meta":{"footnotes":""},"class_list":["post-520","page","type-page","status-publish","hentry"],"yoast_head":"<!-- This site is optimized with the Yoast SEO plugin v26.7 - https:\/\/yoast.com\/wordpress\/plugins\/seo\/ -->\n<title>Demo Test &#8211; DEx<\/title>\n<meta name=\"robots\" content=\"index, follow, max-snippet:-1, max-image-preview:large, max-video-preview:-1\" \/>\n<link rel=\"canonical\" href=\"https:\/\/dex.si\/de\/demo-test\/\" \/>\n<meta property=\"og:locale\" content=\"de_DE\" \/>\n<meta property=\"og:type\" content=\"article\" \/>\n<meta property=\"og:title\" content=\"Demo Test &#8211; DEx\" \/>\n<meta property=\"og:description\" content=\"Willkommen in DEx Demo Eine Serie von kurzen Videos wird Ihen die Haupteigenschaften von Dex nahebringen und sie durch die Test Version f\u00fchren. Um die Funktionalit\u00e4t von Dex testen zu k\u00f6nnen, ben\u00f6tigen Sie die Testdateien und Zugriffsdaten auf Ihrem Computer, die Sie vorzeitig von uns erhalten haben. Danke f\u00fcr Ihr Vertrauen,Ihr DEx Team Senden von [&hellip;]\" \/>\n<meta property=\"og:url\" content=\"https:\/\/dex.si\/de\/demo-test\/\" \/>\n<meta property=\"og:site_name\" content=\"DEx\" \/>\n<meta property=\"og:image\" content=\"https:\/\/dex.si\/wp-content\/uploads\/2020\/07\/DEx-logo-color-FB-cover.png\" \/>\n\t<meta property=\"og:image:width\" content=\"1200\" \/>\n\t<meta property=\"og:image:height\" content=\"630\" \/>\n\t<meta property=\"og:image:type\" content=\"image\/png\" \/>\n<meta name=\"twitter:card\" content=\"summary_large_image\" \/>\n<meta name=\"twitter:label1\" content=\"Gesch\u00e4tzte Lesezeit\" \/>\n\t<meta name=\"twitter:data1\" content=\"1\u00a0Minute\" \/>\n<script type=\"application\/ld+json\" class=\"yoast-schema-graph\">{\"@context\":\"https:\/\/schema.org\",\"@graph\":[{\"@type\":\"WebPage\",\"@id\":\"https:\/\/dex.si\/de\/demo-test\/\",\"url\":\"https:\/\/dex.si\/de\/demo-test\/\",\"name\":\"Demo Test &#8211; DEx\",\"isPartOf\":{\"@id\":\"https:\/\/dex.si\/de\/#website\"},\"datePublished\":\"2020-08-06T09:20:38+00:00\",\"breadcrumb\":{\"@id\":\"https:\/\/dex.si\/de\/demo-test\/#breadcrumb\"},\"inLanguage\":\"de\",\"potentialAction\":[{\"@type\":\"ReadAction\",\"target\":[\"https:\/\/dex.si\/de\/demo-test\/\"]}]},{\"@type\":\"BreadcrumbList\",\"@id\":\"https:\/\/dex.si\/de\/demo-test\/#breadcrumb\",\"itemListElement\":[{\"@type\":\"ListItem\",\"position\":1,\"name\":\"Home\",\"item\":\"https:\/\/dex.si\/de\/?lang=de\"},{\"@type\":\"ListItem\",\"position\":2,\"name\":\"Demo Test\"}]},{\"@type\":\"WebSite\",\"@id\":\"https:\/\/dex.si\/de\/#website\",\"url\":\"https:\/\/dex.si\/de\/\",\"name\":\"DEx\",\"description\":\"Digitalno, enostavno in varno\",\"publisher\":{\"@id\":\"https:\/\/dex.si\/de\/#organization\"},\"potentialAction\":[{\"@type\":\"SearchAction\",\"target\":{\"@type\":\"EntryPoint\",\"urlTemplate\":\"https:\/\/dex.si\/de\/?s={search_term_string}\"},\"query-input\":{\"@type\":\"PropertyValueSpecification\",\"valueRequired\":true,\"valueName\":\"search_term_string\"}}],\"inLanguage\":\"de\"},{\"@type\":\"Organization\",\"@id\":\"https:\/\/dex.si\/de\/#organization\",\"name\":\"DEx\",\"url\":\"https:\/\/dex.si\/de\/\",\"logo\":{\"@type\":\"ImageObject\",\"inLanguage\":\"de\",\"@id\":\"https:\/\/dex.si\/de\/#\/schema\/logo\/image\/\",\"url\":\"https:\/\/dex.si\/wp-content\/uploads\/2020\/07\/DEx-logo-color1024-512.png\",\"contentUrl\":\"https:\/\/dex.si\/wp-content\/uploads\/2020\/07\/DEx-logo-color1024-512.png\",\"width\":1024,\"height\":512,\"caption\":\"DEx\"},\"image\":{\"@id\":\"https:\/\/dex.si\/de\/#\/schema\/logo\/image\/\"},\"sameAs\":[\"https:\/\/www.youtube.com\/channel\/UCamUs8F0qGv-F_1vQZFlDCg\/\"]}]}<\/script>\n<!-- \/ Yoast SEO plugin. -->","yoast_head_json":{"title":"Demo Test &#8211; DEx","robots":{"index":"index","follow":"follow","max-snippet":"max-snippet:-1","max-image-preview":"max-image-preview:large","max-video-preview":"max-video-preview:-1"},"canonical":"https:\/\/dex.si\/de\/demo-test\/","og_locale":"de_DE","og_type":"article","og_title":"Demo Test &#8211; DEx","og_description":"Willkommen in DEx Demo Eine Serie von kurzen Videos wird Ihen die Haupteigenschaften von Dex nahebringen und sie durch die Test Version f\u00fchren. Um die Funktionalit\u00e4t von Dex testen zu k\u00f6nnen, ben\u00f6tigen Sie die Testdateien und Zugriffsdaten auf Ihrem Computer, die Sie vorzeitig von uns erhalten haben. Danke f\u00fcr Ihr Vertrauen,Ihr DEx Team Senden von [&hellip;]","og_url":"https:\/\/dex.si\/de\/demo-test\/","og_site_name":"DEx","og_image":[{"width":1200,"height":630,"url":"https:\/\/dex.si\/wp-content\/uploads\/2020\/07\/DEx-logo-color-FB-cover.png","type":"image\/png"}],"twitter_card":"summary_large_image","twitter_misc":{"Gesch\u00e4tzte Lesezeit":"1\u00a0Minute"},"schema":{"@context":"https:\/\/schema.org","@graph":[{"@type":"WebPage","@id":"https:\/\/dex.si\/de\/demo-test\/","url":"https:\/\/dex.si\/de\/demo-test\/","name":"Demo Test &#8211; DEx","isPartOf":{"@id":"https:\/\/dex.si\/de\/#website"},"datePublished":"2020-08-06T09:20:38+00:00","breadcrumb":{"@id":"https:\/\/dex.si\/de\/demo-test\/#breadcrumb"},"inLanguage":"de","potentialAction":[{"@type":"ReadAction","target":["https:\/\/dex.si\/de\/demo-test\/"]}]},{"@type":"BreadcrumbList","@id":"https:\/\/dex.si\/de\/demo-test\/#breadcrumb","itemListElement":[{"@type":"ListItem","position":1,"name":"Home","item":"https:\/\/dex.si\/de\/?lang=de"},{"@type":"ListItem","position":2,"name":"Demo Test"}]},{"@type":"WebSite","@id":"https:\/\/dex.si\/de\/#website","url":"https:\/\/dex.si\/de\/","name":"DEx","description":"Digitalno, enostavno in varno","publisher":{"@id":"https:\/\/dex.si\/de\/#organization"},"potentialAction":[{"@type":"SearchAction","target":{"@type":"EntryPoint","urlTemplate":"https:\/\/dex.si\/de\/?s={search_term_string}"},"query-input":{"@type":"PropertyValueSpecification","valueRequired":true,"valueName":"search_term_string"}}],"inLanguage":"de"},{"@type":"Organization","@id":"https:\/\/dex.si\/de\/#organization","name":"DEx","url":"https:\/\/dex.si\/de\/","logo":{"@type":"ImageObject","inLanguage":"de","@id":"https:\/\/dex.si\/de\/#\/schema\/logo\/image\/","url":"https:\/\/dex.si\/wp-content\/uploads\/2020\/07\/DEx-logo-color1024-512.png","contentUrl":"https:\/\/dex.si\/wp-content\/uploads\/2020\/07\/DEx-logo-color1024-512.png","width":1024,"height":512,"caption":"DEx"},"image":{"@id":"https:\/\/dex.si\/de\/#\/schema\/logo\/image\/"},"sameAs":["https:\/\/www.youtube.com\/channel\/UCamUs8F0qGv-F_1vQZFlDCg\/"]}]}},"_links":{"self":[{"href":"https:\/\/dex.si\/de\/wp-json\/wp\/v2\/pages\/520","targetHints":{"allow":["GET"]}}],"collection":[{"href":"https:\/\/dex.si\/de\/wp-json\/wp\/v2\/pages"}],"about":[{"href":"https:\/\/dex.si\/de\/wp-json\/wp\/v2\/types\/page"}],"author":[{"embeddable":true,"href":"https:\/\/dex.si\/de\/wp-json\/wp\/v2\/users\/1"}],"replies":[{"embeddable":true,"href":"https:\/\/dex.si\/de\/wp-json\/wp\/v2\/comments?post=520"}],"version-history":[{"count":1,"href":"https:\/\/dex.si\/de\/wp-json\/wp\/v2\/pages\/520\/revisions"}],"predecessor-version":[{"id":523,"href":"https:\/\/dex.si\/de\/wp-json\/wp\/v2\/pages\/520\/revisions\/523"}],"wp:attachment":[{"href":"https:\/\/dex.si\/de\/wp-json\/wp\/v2\/media?parent=520"}],"curies":[{"name":"wp","href":"https:\/\/api.w.org\/{rel}","templated":true}]}}